{"id":1098,"date":"2014-02-14T07:34:22","date_gmt":"2014-02-14T07:34:22","guid":{"rendered":"http:\/\/www.olidemallorca.es\/produccio-2\/"},"modified":"2025-11-18T12:19:25","modified_gmt":"2025-11-18T12:19:25","slug":"produccio","status":"publish","type":"page","link":"https:\/\/www.olidemallorca.es\/fr\/produccio\/","title":{"rendered":"Production"},"content":{"rendered":"<p>[symple_column size=\u00a0\u00bbone-half\u00a0\u00bb position=\u00a0\u00bbfirst\u00a0\u00bb]<\/p>\n<p><span style=\"font-size: medium; color: #125529;\"><strong>La culture d\u2019oliviers et l\u2019\u00e9laboration d\u2019Oli de Mallorca s\u2019\u00e9tend sur toute l\u2019\u00eele, gr\u00e2ce aux exceptionnelles caract\u00e9ristiques g\u00e9oclimatiques.<\/strong><\/span><\/p>\n<p><span style=\"color: #125529;\"><strong>SOL: <\/strong><\/span>: le sol de Majorque est fondamentalement d\u2019origine calcaire et de terre argileuse, ce qui donne aux olives un parfum et des caract\u00e9ristiques tr\u00e8s singuliers.<\/p>\n<p><span style=\"color: #125529;\"><strong>CLIMAT: <\/strong><\/span>Majorque jouit d\u2019un climat m\u00e9diterran\u00e9en qui se caract\u00e9rise par des temp\u00e9ratures mod\u00e9r\u00e9es, des hivers doux et des \u00e9t\u00e9s chauds et secs. La moyenne annuelle de pr\u00e9cipitations s\u2019\u00e9l\u00e8ve \u00e0 570 mm, davantage \u00e0 l\u2019approche de l\u2019automne. Soulignons \u00e9galement le taux \u00e9lev\u00e9 d\u2019humidit\u00e9 qui r\u00e8gne sur l\u2019\u00eele, ce qui est un facteur extr\u00eamement propice \u00e0 la culture de l\u2019olivier, et plus encore \u00e0 son maintien ; ceci r\u00e9percute sur la qualit\u00e9 de la production d\u2019olives et contribue au maintien de la r\u00e9gularit\u00e9 dans leur composition.<\/p>\n<p>Le processus d\u2019obtention de l\u2019Oli de Mallorca est le suivant (\u00e9laboration traditionnelle) : les olives sont pos\u00e9es sur la meule du moulin \u00e0 huile, o\u00f9 elles sont broy\u00e9es par l\u2019action de rouleaux mus par un moteur. La dur\u00e9e du broyage varie en fonction de la quantit\u00e9 d\u2019olives. La p\u00e2te ainsi obtenue est plac\u00e9e en diff\u00e9rentes couches superpos\u00e9es qui sont ensuite press\u00e9es les unes contre les autres. Dans le pressoir, une forte pression permet d\u2019extraire un liquide form\u00e9 d\u2019un m\u00e9lange d\u2019huile et d\u2019eau. On laisse ensuite reposer le liquide, qui va se d\u00e9canter en deux couches distinctes : au-dessus, l\u2019huile, et au-dessous, l\u2019eau contenue dans les olives.<\/p>\n<p>[\/symple_column]<\/p>\n<p>[symple_column size=\u00a0\u00bbone-half\u00a0\u00bb position=\u00a0\u00bblast\u00a0\u00bb]<\/p>\n<p>L\u2019huile est stock\u00e9e dans des r\u00e9servoirs en acier inoxydable ou en fibre de verre, \u00e0 l\u2019abri de la lumi\u00e8re solaire ; gr\u00e2ce \u00e0 leur emplacement g\u00e9ographique et aux caract\u00e9ristiques de leur construction, les huileries garantissent un stockage de l\u2019huile \u00e0 des temp\u00e9ratures id\u00e9ales, ne d\u00e9passant jamais 25 \u00baC.<\/p>\n<p>Les trois vari\u00e9t\u00e9s d\u2019olives autoris\u00e9es \u00e0 entrer dans l\u2019\u00e9laboration de l\u2019Oli de Mallorca permettent d\u2019obtenir des huiles caract\u00e9ristiques d\u2019une excellente qualit\u00e9. Ainsi donc, l\u2019olive majorquine apporte \u00e0 l\u2019huile l\u00e9g\u00e8ret\u00e9, douceur et saveur d\u2019amande m\u00fbre, tandis que la vari\u00e9t\u00e9 arbequine apporte un go\u00fbt de fruit vert et que la picual donne une touche piquante et am\u00e8re.<\/p>\n<p><span style=\"font-size: large; color: #125529;\"><strong>Les chiffres<br \/>\n<\/strong><\/span><\/p>\n<div>Surface de l\u2019oliveraie: 2760.67Ha<br \/>\nNombre d\u2019oliviers: 469.070<br \/>\nMoulins \u00e0 huile: 11<br \/>\nEmbouteilleuses: 19<\/div>\n<div>Ol\u00e9iculteurs: 607<\/div>\n<p><span style=\"font-size: large; color: #125529;\"><strong>Donn\u00e9es de production 2023-2024<\/strong><\/span><\/p>\n<p>Production D.O Oli de Mallorca: 487.716 l.<\/p>\n<p><em>(mis \u00e0 jour Juin 2024)<\/em><\/p>\n<p><span style=\"font-size: large; color: #125529;\"><strong>Statistiques<\/strong><\/span><\/p>\n<p><a href=\"https:\/\/www.olidemallorca.es\/wp-content\/uploads\/2014\/02\/2023-Oli-de-Mallorca.pdf\">Chiffres 2023<\/a><\/p>\n<p>[\/symple_column]<\/p>\n","protected":false},"excerpt":{"rendered":"<p>[symple_column size=\u00a0\u00bbone-half\u00a0\u00bb position=\u00a0\u00bbfirst\u00a0\u00bb] La culture d\u2019oliviers et l\u2019\u00e9laboration d\u2019Oli de Mallorca s\u2019\u00e9tend sur toute l\u2019\u00eele, gr\u00e2ce aux exceptionnelles caract\u00e9ristiques g\u00e9oclimatiques. SOL: : le sol de Majorque est fondamentalement d\u2019origine calcaire et de terre argileuse, ce qui donne aux olives un parfum et des caract\u00e9ristiques tr\u00e8s singuliers. CLIMAT: Majorque jouit d\u2019un climat m\u00e9diterran\u00e9en qui se caract\u00e9rise [&hellip;]<\/p>\n","protected":false},"author":1,"featured_media":0,"parent":0,"menu_order":0,"comment_status":"open","ping_status":"open","template":"","meta":{"_acf_changed":false,"footnotes":""},"class_list":["post-1098","page","type-page","status-publish","hentry"],"acf":[],"_links":{"self":[{"href":"https:\/\/www.olidemallorca.es\/fr\/wp-json\/wp\/v2\/pages\/1098"}],"collection":[{"href":"https:\/\/www.olidemallorca.es\/fr\/wp-json\/wp\/v2\/pages"}],"about":[{"href":"https:\/\/www.olidemallorca.es\/fr\/wp-json\/wp\/v2\/types\/page"}],"author":[{"embeddable":true,"href":"https:\/\/www.olidemallorca.es\/fr\/wp-json\/wp\/v2\/users\/1"}],"replies":[{"embeddable":true,"href":"https:\/\/www.olidemallorca.es\/fr\/wp-json\/wp\/v2\/comments?post=1098"}],"version-history":[{"count":38,"href":"https:\/\/www.olidemallorca.es\/fr\/wp-json\/wp\/v2\/pages\/1098\/revisions"}],"predecessor-version":[{"id":12945,"href":"https:\/\/www.olidemallorca.es\/fr\/wp-json\/wp\/v2\/pages\/1098\/revisions\/12945"}],"wp:attachment":[{"href":"https:\/\/www.olidemallorca.es\/fr\/wp-json\/wp\/v2\/media?parent=1098"}],"curies":[{"name":"wp","href":"https:\/\/api.w.org\/{rel}","templated":true}]}}