{"id":1077,"date":"2014-02-14T07:34:37","date_gmt":"2014-02-14T07:34:37","guid":{"rendered":"http:\/\/www.olidemallorca.es\/oleorutes-2\/"},"modified":"2025-04-22T12:01:49","modified_gmt":"2025-04-22T12:01:49","slug":"oleocircuits","status":"publish","type":"page","link":"https:\/\/www.olidemallorca.es\/fr\/oleocircuits\/","title":{"rendered":"Ol\u00e9ocircuits"},"content":{"rendered":"<p>Sur l\u2019\u00eele de Majorque, la nature a sculpt\u00e9, au fil des si\u00e8cles, les troncs des oliviers et en a fait de v\u00e9ritables \u0153uvres d\u2019art : un \u201c<strong>art de la nature<\/strong>\u201d unique au monde.<\/p>\n<p>De plus, la vie \u00e0 Majorque doit beaucoup \u00e0 l\u2019olivier et \u00e0 son produit : <strong>L\u2019ACEITE DE MALLORCA<\/strong>. L\u2019Aceite de Mallorca est l\u2019\u00e9l\u00e9ment qui permet de perp\u00e9tuer les oliveraies ; c\u2019est \u00e0 elle que l\u2019on doit la construction de moulins \u00e0 huile qui sont, de nos jours, de v\u00e9ritables joyaux de mus\u00e9e, \u00e0 elle aussi ces plats au go\u00fbt unique et diff\u00e9rent.<\/p>\n<p>C\u2019est pour pouvoir profiter de tous ces plaisirs que prend naissance le projet <strong>OL\u00c9OCIRCUITS MAJORQUE. L\u2019ART DE LA NATURE,<\/strong> un ensemble d\u2019activit\u00e9s uniques qui permettront au visiteur de <strong>p\u00e9n\u00e9trer dans l\u2019univers magique des oliveraies majorquines et de leur produit dont elles nous font cadeau : l\u2019Aceite de Mallorca.<\/strong><\/p>\n","protected":false},"excerpt":{"rendered":"<p>Sur l\u2019\u00eele de Majorque, la nature a sculpt\u00e9, au fil des si\u00e8cles, les troncs des oliviers et en a fait de v\u00e9ritables \u0153uvres d\u2019art : un \u201cart de la nature\u201d unique au monde. De plus, la vie \u00e0 Majorque doit beaucoup \u00e0 l\u2019olivier et \u00e0 son produit : L\u2019ACEITE DE MALLORCA. L\u2019Aceite de Mallorca est [&hellip;]<\/p>\n","protected":false},"author":1,"featured_media":0,"parent":0,"menu_order":0,"comment_status":"open","ping_status":"open","template":"","meta":{"_acf_changed":false,"footnotes":""},"class_list":["post-1077","page","type-page","status-publish","hentry"],"acf":[],"_links":{"self":[{"href":"https:\/\/www.olidemallorca.es\/fr\/wp-json\/wp\/v2\/pages\/1077"}],"collection":[{"href":"https:\/\/www.olidemallorca.es\/fr\/wp-json\/wp\/v2\/pages"}],"about":[{"href":"https:\/\/www.olidemallorca.es\/fr\/wp-json\/wp\/v2\/types\/page"}],"author":[{"embeddable":true,"href":"https:\/\/www.olidemallorca.es\/fr\/wp-json\/wp\/v2\/users\/1"}],"replies":[{"embeddable":true,"href":"https:\/\/www.olidemallorca.es\/fr\/wp-json\/wp\/v2\/comments?post=1077"}],"version-history":[{"count":5,"href":"https:\/\/www.olidemallorca.es\/fr\/wp-json\/wp\/v2\/pages\/1077\/revisions"}],"predecessor-version":[{"id":12291,"href":"https:\/\/www.olidemallorca.es\/fr\/wp-json\/wp\/v2\/pages\/1077\/revisions\/12291"}],"wp:attachment":[{"href":"https:\/\/www.olidemallorca.es\/fr\/wp-json\/wp\/v2\/media?parent=1077"}],"curies":[{"name":"wp","href":"https:\/\/api.w.org\/{rel}","templated":true}]}}