{"id":1051,"date":"2014-02-14T07:38:28","date_gmt":"2014-02-14T07:38:28","guid":{"rendered":"http:\/\/www.olidemallorca.es\/denominacio-de-origen-2\/"},"modified":"2025-04-23T06:29:15","modified_gmt":"2025-04-23T06:29:15","slug":"appellation-origine","status":"publish","type":"page","link":"https:\/\/www.olidemallorca.es\/fr\/appellation-origine\/","title":{"rendered":"Appellation d\u2019origine"},"content":{"rendered":"<p><img loading=\"lazy\" decoding=\"async\" class=\"alignright size-full wp-image-728\" src=\"https:\/\/www.olidemallorca.es\/wp-content\/uploads\/2014\/02\/do.jpg\" alt=\"do\" width=\"440\" height=\"283\" srcset=\"https:\/\/www.olidemallorca.es\/wp-content\/uploads\/2014\/02\/do.jpg 440w, https:\/\/www.olidemallorca.es\/wp-content\/uploads\/2014\/02\/do-300x192.jpg 300w\" sizes=\"(max-width: 440px) 100vw, 440px\" \/>L\u2019Aceite de Mallorca d\u00e9tient le label &lsquo;Appellation d\u2019origine&rsquo; depuis 2002 (<a href=\"https:\/\/www.olidemallorca.es\/wp-content\/uploads\/2014\/02\/reglamento2002.pdf\" target=\"_blank\" rel=\"noopener\">PDF<\/a>), conform\u00e9ment \u00e0 la r\u00e9glementation de l\u2019Union europ\u00e9enne, puisqu\u2019il s\u2019agit d\u2019un produit agricole originaire du lieu, dont la qualit\u00e9 et les caract\u00e9ristiques sont essentiellement dues au milieu g\u00e9ographique dans lequel cette huile est produite, aussi bien par des facteurs naturels qu\u2019humains. La production, l\u2019\u00e9laboration et la transformation de l\u2019huile sont r\u00e9alis\u00e9es dans la m\u00eame r\u00e9gion g\u00e9ographique d\u00e9limit\u00e9e. Tout dans son ensemble remplit les exigences n\u00e9cessaires pour que l\u2019Aceite de Mallorca ait re\u00e7u cette prestigieuse distinction. <\/p>\n<p>L\u2019huile d\u2019olive de Majorque d\u2019appellation d\u2019origine est commercialis\u00e9e apr\u00e8s avoir \u00e9t\u00e9 conditionn\u00e9e et munie du label de garantie d\u00e9livr\u00e9 par le Conseil R\u00e9gulateur. Les \u00e9tiquettes des compagnies \u00e9laboratrices portent le num\u00e9ro d\u2019inscription au registre des appellations d\u2019origine.<\/p>\n","protected":false},"excerpt":{"rendered":"<p>L\u2019Aceite de Mallorca d\u00e9tient le label &lsquo;Appellation d\u2019origine&rsquo; depuis 2002 (PDF), conform\u00e9ment \u00e0 la r\u00e9glementation de l\u2019Union europ\u00e9enne, puisqu\u2019il s\u2019agit d\u2019un produit agricole originaire du lieu, dont la qualit\u00e9 et les caract\u00e9ristiques sont essentiellement dues au milieu g\u00e9ographique dans lequel cette huile est produite, aussi bien par des facteurs naturels qu\u2019humains. La production, l\u2019\u00e9laboration et [&hellip;]<\/p>\n","protected":false},"author":1,"featured_media":0,"parent":0,"menu_order":0,"comment_status":"closed","ping_status":"closed","template":"","meta":{"_acf_changed":false,"footnotes":""},"class_list":["post-1051","page","type-page","status-publish","hentry"],"acf":[],"_links":{"self":[{"href":"https:\/\/www.olidemallorca.es\/fr\/wp-json\/wp\/v2\/pages\/1051"}],"collection":[{"href":"https:\/\/www.olidemallorca.es\/fr\/wp-json\/wp\/v2\/pages"}],"about":[{"href":"https:\/\/www.olidemallorca.es\/fr\/wp-json\/wp\/v2\/types\/page"}],"author":[{"embeddable":true,"href":"https:\/\/www.olidemallorca.es\/fr\/wp-json\/wp\/v2\/users\/1"}],"replies":[{"embeddable":true,"href":"https:\/\/www.olidemallorca.es\/fr\/wp-json\/wp\/v2\/comments?post=1051"}],"version-history":[{"count":5,"href":"https:\/\/www.olidemallorca.es\/fr\/wp-json\/wp\/v2\/pages\/1051\/revisions"}],"predecessor-version":[{"id":12383,"href":"https:\/\/www.olidemallorca.es\/fr\/wp-json\/wp\/v2\/pages\/1051\/revisions\/12383"}],"wp:attachment":[{"href":"https:\/\/www.olidemallorca.es\/fr\/wp-json\/wp\/v2\/media?parent=1051"}],"curies":[{"name":"wp","href":"https:\/\/api.w.org\/{rel}","templated":true}]}}