{"id":1100,"date":"2014-02-14T07:34:22","date_gmt":"2014-02-14T07:34:22","guid":{"rendered":"http:\/\/www.olidemallorca.es\/produccio-2\/"},"modified":"2025-11-18T12:12:47","modified_gmt":"2025-11-18T12:12:47","slug":"produccion","status":"publish","type":"page","link":"https:\/\/www.olidemallorca.es\/es\/produccion\/","title":{"rendered":"Producci\u00f3n"},"content":{"rendered":"<p>[symple_column size=\u00bbone-half\u00bb position=\u00bbfirst\u00bb]<\/p>\n<p><span style=\"font-size: medium; color: #125529;\"><strong>El cultivo de olivos y la elaboraci\u00f3n de aceite de Mallorca se extiende por toda la isla, gracias a las excepcionales caracter\u00edsticas geoclim\u00e1ticas.<\/strong><\/span><\/p>\n<p><span style=\"color: #125529;\"><strong>SUELO: <\/strong><\/span>el suelo de Mallorca es fundamentalmente de origen calc\u00e1reo y de tierra arcillosa, lo cual otorga a las olivas un aroma y unas caracter\u00edsticas muy singulares.<\/p>\n<p><span style=\"color: #125529;\"><strong>CLIMA: <\/strong><\/span>el clima mediterr\u00e1neo de Mallorca se caracteriza por temperaturas moderadas, inviernos suaves y veranos c\u00e1lidos y secos. Le media anual de precipitaciones es de 570 mm, m\u00e1s hacia el oto\u00f1o. Se debe destacar tambi\u00e9n el alto nivel de humedad ambiental que hay en la isla como un factor muy importante para el desarrollo y mantenimiento de los olivos; repercute en la calidad de la producci\u00f3n de olivas y contribuye al mantenimiento de la regularidad en su composici\u00f3n.<\/p>\n<p>A la personalidad y car\u00e1cter que confiere a nuestros aceites de oliva virgen extra el clima y el medio donde se desarrollan nuestros olivos, hay que a\u00f1adir que el reducido tama\u00f1o de las fincas permite a nuestros olivicultores un mayor control de la calidad de la aceituna durante todo el proceso de producci\u00f3n, factor determinante para la obtenci\u00f3n de un aceite de oliva virgen extra de calidad superior como el de Oli de Mallorca.<\/p>\n<p>La cosecha de la aceituna suele realizarse entre los meses de octubre y enero, dependiendo la zona de Mallorca donde se encuentre el olivar.<\/p>\n<p>Nuestras modernas almazaras utilizan el sistema continuo, en los que la extracci\u00f3n final del aceite de oliva virgen extra se realiza mediante la centrifugaci\u00f3n, tanto de dos fases como de tres fases.[\/symple_column]<\/p>\n<p>[symple_column size=\u00bbone-half\u00bb position=\u00bblast\u00bb]<\/p>\n<p>El aceite se almacena en dep\u00f3sitos de acero inoxidable o fibra de vidrio, y queda protegido de la luz solar y a una temperatura adecuada que, gracias a la localizaci\u00f3n geogr\u00e1fica y a las caracter\u00edsticas arquitect\u00f3nicas de las almazaras, no supera los 25\u00ba C.<\/p>\n<p>Las cuantro variedades de oliva autorizadas para la elaboraci\u00f3n de aceite de Mallorca permiten obtener aceites diferenciados de gran calidad. As\u00ed, la oliva mallorquina aporta al aceite suavidad, dulzor y sabor de almendra madura; la variedad arbequina aporta sabor de fruta verde, la empeltre aporta delicadeza, dulzor y recuerdos a almendra, mientras que la picual aporta picante y amargo.<\/p>\n<p><span style=\"font-size: large; color: #125529;\"><strong>Oli de Mallorca en cifras<br \/>\n<\/strong><\/span><\/p>\n<div>Superficie del olivar: 2760.67Ha<br \/>\nN\u00ba de olivos: 469070<br \/>\nAlmazaras: 11<br \/>\nEnvasadoras: 19<\/div>\n<div>Olivicultores: 607<\/div>\n<p><em>(actualizado junio 2024)<\/em><\/p>\n<p><span style=\"font-size: large; color: #125529;\"><strong>Producci\u00f3n Campa\u00f1a 2023-2024<\/strong><\/span><\/p>\n<p>Producci\u00f3n D.O Oli de Mallorca: 487.716 l.<\/p>\n<p><span style=\"font-size: large; color: #125529;\"><strong>Estad\u00edsticas<\/strong><\/span><\/p>\n<p><a href=\"https:\/\/www.olidemallorca.es\/wp-content\/uploads\/2014\/02\/2023-Oli-de-Mallorca.pdf\">Datos Oli de Mallorca 2023<\/a><\/p>\n<p>[\/symple_column]<\/p>\n<p>&nbsp;<\/p>\n<p>&nbsp;<\/p>\n<p>&nbsp;<\/p>\n<p><span style=\"font-size: large; color: #125529;\"><strong>\u00a0<\/strong><\/span><\/p>\n<p>&nbsp;<\/p>\n<p>&nbsp;<\/p>\n","protected":false},"excerpt":{"rendered":"<p>[symple_column size=\u00bbone-half\u00bb position=\u00bbfirst\u00bb] El cultivo de olivos y la elaboraci\u00f3n de aceite de Mallorca se extiende por toda la isla, gracias a las excepcionales caracter\u00edsticas geoclim\u00e1ticas. SUELO: el suelo de Mallorca es fundamentalmente de origen calc\u00e1reo y de tierra arcillosa, lo cual otorga a las olivas un aroma y unas caracter\u00edsticas muy singulares. CLIMA: el [&hellip;]<\/p>\n","protected":false},"author":1,"featured_media":0,"parent":0,"menu_order":0,"comment_status":"open","ping_status":"open","template":"","meta":{"_acf_changed":false,"footnotes":""},"class_list":["post-1100","page","type-page","status-publish","hentry"],"acf":[],"_links":{"self":[{"href":"https:\/\/www.olidemallorca.es\/es\/wp-json\/wp\/v2\/pages\/1100"}],"collection":[{"href":"https:\/\/www.olidemallorca.es\/es\/wp-json\/wp\/v2\/pages"}],"about":[{"href":"https:\/\/www.olidemallorca.es\/es\/wp-json\/wp\/v2\/types\/page"}],"author":[{"embeddable":true,"href":"https:\/\/www.olidemallorca.es\/es\/wp-json\/wp\/v2\/users\/1"}],"replies":[{"embeddable":true,"href":"https:\/\/www.olidemallorca.es\/es\/wp-json\/wp\/v2\/comments?post=1100"}],"version-history":[{"count":40,"href":"https:\/\/www.olidemallorca.es\/es\/wp-json\/wp\/v2\/pages\/1100\/revisions"}],"predecessor-version":[{"id":12943,"href":"https:\/\/www.olidemallorca.es\/es\/wp-json\/wp\/v2\/pages\/1100\/revisions\/12943"}],"wp:attachment":[{"href":"https:\/\/www.olidemallorca.es\/es\/wp-json\/wp\/v2\/media?parent=1100"}],"curies":[{"name":"wp","href":"https:\/\/api.w.org\/{rel}","templated":true}]}}