{"id":1079,"date":"2014-02-14T07:34:37","date_gmt":"2014-02-14T07:34:37","guid":{"rendered":"http:\/\/www.olidemallorca.es\/oleorutes-2\/"},"modified":"2025-10-28T12:52:50","modified_gmt":"2025-10-28T12:52:50","slug":"oleorutas","status":"publish","type":"page","link":"https:\/\/www.olidemallorca.es\/es\/oleorutas\/","title":{"rendered":"Oleoturismo"},"content":{"rendered":"<p>En la isla de Mallorca la naturaleza ha esculpido, a lo largo de los siglos, los troncos de los olivos, y los ha convertido en verdaderas obras de arte: un <strong>\u201carte de la naturaleza\u201d<\/strong> \u00fanico en el mundo.<\/p>\n<p>Adem\u00e1s, parte de la vida de Mallorca gira alrededor del olivo y de su fruto:<strong> EL ACEITE DE MALLORCA<\/strong>. El Aceite de Mallorca es el elemento que permite mantener vivo el olivar, que permiti\u00f3 construir almazaras que hoy son aut\u00e9nticas piezas de museo y que permite disfrutar de platos con un sabor singular y diferenciado.<\/p>\n<p>Para poder disfrutar de todos estos placeres nace el proyecto<strong> OLEORUTAS MALLORCA. El ARTE DE LA NATURALEZA<\/strong>, un conjunto de actividades \u00fanicas que permitir\u00e1n al visitante <strong>adentrarse en el entorno m\u00e1gico de los olivares mallorquines y en el fruto que nos dan, el Aceite de Mallorca.<\/strong><\/p>\n","protected":false},"excerpt":{"rendered":"<p>En la isla de Mallorca la naturaleza ha esculpido, a lo largo de los siglos, los troncos de los olivos, y los ha convertido en verdaderas obras de arte: un \u201carte de la naturaleza\u201d \u00fanico en el mundo. Adem\u00e1s, parte de la vida de Mallorca gira alrededor del olivo y de su fruto: EL ACEITE [&hellip;]<\/p>\n","protected":false},"author":1,"featured_media":0,"parent":0,"menu_order":0,"comment_status":"open","ping_status":"open","template":"","meta":{"_acf_changed":false,"footnotes":""},"class_list":["post-1079","page","type-page","status-publish","hentry"],"acf":[],"_links":{"self":[{"href":"https:\/\/www.olidemallorca.es\/es\/wp-json\/wp\/v2\/pages\/1079"}],"collection":[{"href":"https:\/\/www.olidemallorca.es\/es\/wp-json\/wp\/v2\/pages"}],"about":[{"href":"https:\/\/www.olidemallorca.es\/es\/wp-json\/wp\/v2\/types\/page"}],"author":[{"embeddable":true,"href":"https:\/\/www.olidemallorca.es\/es\/wp-json\/wp\/v2\/users\/1"}],"replies":[{"embeddable":true,"href":"https:\/\/www.olidemallorca.es\/es\/wp-json\/wp\/v2\/comments?post=1079"}],"version-history":[{"count":6,"href":"https:\/\/www.olidemallorca.es\/es\/wp-json\/wp\/v2\/pages\/1079\/revisions"}],"predecessor-version":[{"id":12903,"href":"https:\/\/www.olidemallorca.es\/es\/wp-json\/wp\/v2\/pages\/1079\/revisions\/12903"}],"wp:attachment":[{"href":"https:\/\/www.olidemallorca.es\/es\/wp-json\/wp\/v2\/media?parent=1079"}],"curies":[{"name":"wp","href":"https:\/\/api.w.org\/{rel}","templated":true}]}}