{"id":1060,"date":"2014-02-14T07:35:35","date_gmt":"2014-02-14T07:35:35","guid":{"rendered":"http:\/\/www.olidemallorca.es\/contacte-2\/"},"modified":"2024-11-12T13:59:02","modified_gmt":"2024-11-12T13:59:02","slug":"contacto","status":"publish","type":"page","link":"https:\/\/www.olidemallorca.es\/es\/contacto\/","title":{"rendered":"Contacto"},"content":{"rendered":"<p>[symple_column size=\u00bbone-half\u00bb position=\u00bbfirst\u00bb]<br \/>\n<span style=\"color: #5f6736; font-size: large;\"><strong>Consejo Regulador de la Denominaci\u00f3n de Origen<br \/>\nOli de Mallorca<\/strong><\/span><\/p>\n<p><!--StartFragment--><\/p>\n<p>Carrer Guillem Bujosa Rossell\u00f3, 1A 1r-4a<br \/>\n07320 Santa Maria del Cam\u00ed<br \/>\nTel. 871 030 769<\/p>\n<p><a href=\"mailto:info@olidemallorca.es\"> info@olidemallorca.es\u00a0<\/a><\/p>\n<p>&nbsp;<\/p>\n<p><!--EndFragment--><\/p>\n","protected":false},"excerpt":{"rendered":"<p>[symple_column size=\u00bbone-half\u00bb position=\u00bbfirst\u00bb] Consejo Regulador de la Denominaci\u00f3n de Origen Oli de Mallorca Carrer Guillem Bujosa Rossell\u00f3, 1A 1r-4a 07320 Santa Maria del Cam\u00ed Tel. 871 030 769 info@olidemallorca.es\u00a0 &nbsp;<\/p>\n","protected":false},"author":1,"featured_media":0,"parent":0,"menu_order":0,"comment_status":"open","ping_status":"closed","template":"","meta":{"_acf_changed":false,"footnotes":""},"class_list":["post-1060","page","type-page","status-publish","hentry"],"acf":[],"_links":{"self":[{"href":"https:\/\/www.olidemallorca.es\/es\/wp-json\/wp\/v2\/pages\/1060"}],"collection":[{"href":"https:\/\/www.olidemallorca.es\/es\/wp-json\/wp\/v2\/pages"}],"about":[{"href":"https:\/\/www.olidemallorca.es\/es\/wp-json\/wp\/v2\/types\/page"}],"author":[{"embeddable":true,"href":"https:\/\/www.olidemallorca.es\/es\/wp-json\/wp\/v2\/users\/1"}],"replies":[{"embeddable":true,"href":"https:\/\/www.olidemallorca.es\/es\/wp-json\/wp\/v2\/comments?post=1060"}],"version-history":[{"count":11,"href":"https:\/\/www.olidemallorca.es\/es\/wp-json\/wp\/v2\/pages\/1060\/revisions"}],"predecessor-version":[{"id":11868,"href":"https:\/\/www.olidemallorca.es\/es\/wp-json\/wp\/v2\/pages\/1060\/revisions\/11868"}],"wp:attachment":[{"href":"https:\/\/www.olidemallorca.es\/es\/wp-json\/wp\/v2\/media?parent=1060"}],"curies":[{"name":"wp","href":"https:\/\/api.w.org\/{rel}","templated":true}]}}