{"id":1053,"date":"2014-02-14T07:38:28","date_gmt":"2014-02-14T07:38:28","guid":{"rendered":"http:\/\/www.olidemallorca.es\/denominacio-de-origen-2\/"},"modified":"2024-11-12T13:54:32","modified_gmt":"2024-11-12T13:54:32","slug":"denominacion-de-origen","status":"publish","type":"page","link":"https:\/\/www.olidemallorca.es\/es\/denominacion-de-origen\/","title":{"rendered":"Denominaci\u00f3n de Origen"},"content":{"rendered":"<p><img loading=\"lazy\" decoding=\"async\" class=\"alignright size-full wp-image-728\" src=\"https:\/\/www.olidemallorca.es\/wp-content\/uploads\/2014\/02\/do.jpg\" alt=\"do\" width=\"440\" height=\"283\" srcset=\"https:\/\/www.olidemallorca.es\/wp-content\/uploads\/2014\/02\/do.jpg 440w, https:\/\/www.olidemallorca.es\/wp-content\/uploads\/2014\/02\/do-300x192.jpg 300w\" sizes=\"(max-width: 440px) 100vw, 440px\" \/>El Aceite de Mallorca es<strong> &#8216;Denominaci\u00f3n de Origen&#8217; desde el a\u00f1o 2002 (<strong><a href=\"https:\/\/www.olidemallorca.es\/wp-content\/uploads\/2014\/02\/reglamento2002.pdf\" target=\"_blank\" rel=\"noopener\">ver PDF<\/a>)<\/strong>)<\/strong>, de acuerdo con la reglamentaci\u00f3n de la Uni\u00f3n Europea, por tratarse de un producto agr\u00edcola originario del lugar, <strong>cuya calidad y caracter\u00edsticas se deben principalmente al medio geogr\u00e1fico en el que se produce<\/strong>, tanto por factores naturales como humanos. La producci\u00f3n, la elaboraci\u00f3n y la transformaci\u00f3n del aceite se realizan en la misma zona geogr\u00e1fica delimitada. Todo en su conjunto cumple los requisitos necesarios para que el Aceite de Mallorca haya recibido esta prestigiosa distinci\u00f3n.<\/p>\n<p>El aceite de oliva de Mallorca con denominaci\u00f3n de origen s<strong>e comercializa envasado y precintado con un sello de garant\u00eda del Consejo Regulador.<\/strong> En las etiquetas propias de las firmas elaboradoras figura el n\u00famero de registro de la denominaci\u00f3n de origen.<\/p>\n<p>&nbsp;<\/p>\n<p>&nbsp;<\/p>\n","protected":false},"excerpt":{"rendered":"<p>El Aceite de Mallorca es &#8216;Denominaci\u00f3n de Origen&#8217; desde el a\u00f1o 2002 (ver PDF)), de acuerdo con la reglamentaci\u00f3n de la Uni\u00f3n Europea, por tratarse de un producto agr\u00edcola originario del lugar, cuya calidad y caracter\u00edsticas se deben principalmente al medio geogr\u00e1fico en el que se produce, tanto por factores naturales como humanos. La producci\u00f3n, [&hellip;]<\/p>\n","protected":false},"author":1,"featured_media":0,"parent":0,"menu_order":0,"comment_status":"closed","ping_status":"closed","template":"","meta":{"_acf_changed":false,"footnotes":""},"class_list":["post-1053","page","type-page","status-publish","hentry"],"acf":[],"_links":{"self":[{"href":"https:\/\/www.olidemallorca.es\/es\/wp-json\/wp\/v2\/pages\/1053"}],"collection":[{"href":"https:\/\/www.olidemallorca.es\/es\/wp-json\/wp\/v2\/pages"}],"about":[{"href":"https:\/\/www.olidemallorca.es\/es\/wp-json\/wp\/v2\/types\/page"}],"author":[{"embeddable":true,"href":"https:\/\/www.olidemallorca.es\/es\/wp-json\/wp\/v2\/users\/1"}],"replies":[{"embeddable":true,"href":"https:\/\/www.olidemallorca.es\/es\/wp-json\/wp\/v2\/comments?post=1053"}],"version-history":[{"count":4,"href":"https:\/\/www.olidemallorca.es\/es\/wp-json\/wp\/v2\/pages\/1053\/revisions"}],"predecessor-version":[{"id":11864,"href":"https:\/\/www.olidemallorca.es\/es\/wp-json\/wp\/v2\/pages\/1053\/revisions\/11864"}],"wp:attachment":[{"href":"https:\/\/www.olidemallorca.es\/es\/wp-json\/wp\/v2\/media?parent=1053"}],"curies":[{"name":"wp","href":"https:\/\/api.w.org\/{rel}","templated":true}]}}