{"id":1108,"date":"2014-02-14T07:34:08","date_gmt":"2014-02-14T07:34:08","guid":{"rendered":"http:\/\/www.olidemallorca.es\/tafones-i-envasadores-2\/"},"modified":"2025-04-23T06:20:14","modified_gmt":"2025-04-23T06:20:14","slug":"olmuhlen-und-abfullwerke","status":"publish","type":"page","link":"https:\/\/www.olidemallorca.es\/de\/olmuhlen-und-abfullwerke\/","title":{"rendered":"\u00d6lm\u00fchlen und Abf\u00fcllwerke"},"content":{"rendered":"<table width=\"80%\">\n<tbody>\n<tr>\n<td>\n<h3><strong>Agr\u00edcola Aubocasser, SL<\/strong><\/h3>\n<p>(\u00d6LM\u00dcHLE | ABF\u00dcLLWERK)<br \/>\nFinca Auboc\u00e0sser. Cam\u00ed de Son Fangos, Km. 7<br \/>\n07500 Manacor<br \/>\nTelefon: 971 100 388 &#8211; 620 215 416<br \/>\n<a href=\"mailto:contact@aubocassa.com\">contact@aubocassa.com<\/a><br \/>\n<a href=\"http:\/\/www.aubocassa.com\/\" target=\"_blank\" rel=\"noopener\">www.aubocassa.com<\/a><\/p>\n<h3><strong>Agrocanfeliu, SL<\/strong><\/h3>\n<p>(\u00d6LM\u00dcHLE | ABF\u00dcLLWERK)<br \/>\nc\/ Bateria Pas del Frare, 12<br \/>\n07260 Porreres<br \/>\nTelefon: 609613213<br \/>\n<a href=\"mailto:bodega@ecocanfeliu.com\" target=\"_blank\" rel=\"noopener\">bodega@ecocanfeliu.com<\/a><\/p>\n<p><a href=\"http:\/\/www.canfeliu.com\">www.canfeliu.com<\/a><\/p>\n<h3><strong>Agroturismo Roqueta, SL<\/strong><\/h3>\n<p>(ABF\u00dcLLWERK)<br \/>\nPredio Roqueta, s\/n<br \/>\n07519 Maria de la Salut<br \/>\nTelefon: 607 161 853<br \/>\n<a href=\"mailto:info@agroroqueta.com\">info@agroroqueta.com<\/a><br \/>\n<a href=\"http:\/\/www.agroroqueta.com\/CA\/aceite\/\" target=\"_blank\" rel=\"noopener\">www.agroroqueta.com<\/a><\/p>\n<h3><strong>Castellitx Agricola, SAT<\/strong><\/h3>\n<p>(\u00d6LM\u00dcHLE | ABF\u00dcLLWERK)<br \/>\nFinca Treurer. Ctra.Llucmajor-Algaida,km.5,7-Xaloc,18<br \/>\n07210 Algaida<br \/>\nTelefon: 971 66 59 94<br \/>\n<a href=\"mailto:info@treurer.com\">info@treurer.com<\/a><br \/>\n<a href=\"http:\/\/treurer.com\/\" target=\"_blank\" rel=\"noopener\">www.treurer.com<\/a><\/p>\n<h3><strong>Cooperativa Agr\u00edcola de<\/strong><\/h3>\n<h3>Sant Bartomeu de S\u00f3ller<\/h3>\n<p>(\u00d6LM\u00dcHLE | ABF\u00dcLLWERK)<br \/>\nCtra. de Fornalutx, 8<br \/>\n07100 S\u00f3ller<br \/>\nTelefon: 971 63 02 94 \/ Fax: 971 63 50 06<br \/>\n<a href=\"mailto:info@cooperativasoller.com\">info@cooperativasoller.com<\/a><br \/>\n<a href=\"http:\/\/www.cooperativasoller.com target=\">www.cooperativasoller.com<\/a><\/p>\n<h3><strong>Es Verger, SAT<\/strong><\/h3>\n<p>(\u00d6LM\u00dcHLE | ABF\u00dcLLWERK)<br \/>\nS&#8217;Hort d&#8217;es Verger. Apartat 56<br \/>\n07190 Esporles<br \/>\nTelefon: 658 769 089 \/ Fax: 971 71 57 32<br \/>\n<a href=\"mailto:esverger@esverger.com\">esverger@esverger.com<\/a><\/p>\n<p><a href=\"http:\/\/www.esverger.es\/\" target=\"_blank\" rel=\"noopener\">www.esverger.com<\/a><\/p>\n<h3><strong>Explotadora Agro-Alcudia, SA<\/strong><\/h3>\n<p>(\u00d6LM\u00dcHLE | ABF\u00dcLLWERK)<br \/>\nPasseig Maritim, 28 &#8211; 4t<br \/>\n07410 Alc\u00fadia<br \/>\nTelefon: 626 010 340 \/ 617 068 822<br \/>\n<a href=\"mailto:info@olisolivellas.com\">info@olisolivellas.com<\/a><br \/>\n<a href=\"http:\/\/www.olisolivellas.com\/\" target=\"_blank\" rel=\"noopener\">www.olisolivellas.com<\/a><\/p>\n<h3><strong>Sa F\u00e0brica de Gelats S.L<\/strong><\/h3>\n<div>(ABF\u00dcLLWERK)<\/div>\n<div>C\/ Crist\u00f2fol Quintana Colom 1-3<\/div>\n<div>07100 S\u00f3ller<\/div>\n<div>Tel\u00e8fon: 971631708<br \/>\n<a href=\"mailto:info@fetasoller.com\">info@fetasoller.com<\/a><br \/>\n<a href=\"http:\/\/www.fetasoller.com\" target=\"_blank\" rel=\"noopener\">www.fetasoller.com<\/a><\/div>\n<\/td>\n<td>\n<h3><strong>Finca Can Axartell<br \/>\n<\/strong><\/h3>\n<p>(\u00d6LM\u00dcHLE | ABF\u00dcLLWERK)<br \/>\nCra. Pollen\u00e7a-Campanet, Km. 1,5<br \/>\n07460 Pollen\u00e7a<br \/>\nTelefon: 871 870 353 \/ 659 925 218<br \/>\n<a href=\"mailto:jm.ochogavia@canaxartell.es\">jm.ochogavia@canaxartell.es<\/a><\/p>\n<p><a href=\"http:\/\/www.canaxartell.com\">www.canaxartell.com<\/a><\/p>\n<h3><strong>Inversiones Pelicano 1003 SL<\/strong><\/h3>\n<p>(ABF\u00dcLLWERK)<br \/>\nPol. 27 parc 518 Son Pereandreu<br \/>\n07500 Manacor<\/p>\n<h3><strong>Oli de Santany\u00ed SL <\/strong><\/h3>\n<p>(\u00d6LM\u00dcHLE | ABF\u00dcLLWERK)<br \/>\nCam\u00ed de Ses Mires<br \/>\n07650 Santany\u00ed<br \/>\nTelefon: 680567545<br \/>\n<a href=\"mailto:info@olidesantanyi.com\">info@olidesantanyi.com<\/a><br \/>\n<a href=\"www.olidesantanyi.com\" target=\"_blank\" rel=\"noopener\">www.olidesantanyi.com<\/a><\/p>\n<h3><strong>Olis Ca&#8217;n Gori<br \/>\n<\/strong><\/h3>\n<p>(\u00d6LM\u00dcHLE | ABF\u00dcLLWERK)<br \/>\nPol\u00edgon 15-Parcela 358<br \/>\n07420 Sa Pobla<br \/>\nTelefon: 654538019<br \/>\n<a href=\"mailto:oliscangori@gmail.com\">oliscangori@gmail.com<\/a><\/p>\n<h3><strong>Pedro G\u00f3mez Reifs<br \/>\n<\/strong><\/h3>\n<p>(\u00d6LM\u00dcHLE | ABF\u00dcLLWERK)<br \/>\nApdo correos 32407680 Manacor<br \/>\nTel. 609051125<br \/>\n<a href=\"mailto:gomezreifs@gmail.com\">gomezreifs@gmail.com<\/a><\/p>\n<h3><strong>Picarandau, SAT<\/strong><\/h3>\n<p>(ABF\u00dcLLWERK)<br \/>\nc\/ Neu, 19<br \/>\n07011 Palma<br \/>\nTelefon: 637 302 313<br \/>\n<a href=\"mailto:jmayol@picarandau.com\">jmayol@picarandau.com<\/a><br \/>\n<a href=\"http:\/\/www.picarandau.com\/\" target=\"_blank\" rel=\"noopener\">www.picarandau.com<\/a><\/p>\n<h3><strong>Rafael Pons Martinez<\/strong><\/h3>\n<p>(\u00d6LM\u00dcHLE | ABF\u00dcLLWERK)<br \/>\nc\/ Cosconar, 1<br \/>\n07013 Palma<br \/>\nTelefon: 607 597 447<br \/>\n<a href=\"mailto:rafaelpons@coaib.es\" target=\"_blank\" rel=\"noopener\">rafaelpons@coaib.es<\/a><br \/>\n<a href=\"http:\/\/www.aceiteullaro.es\/\" target=\"_blank\" rel=\"noopener\">www.aceiteullaro.es<\/a><\/p>\n<h3><strong>Rahal Dinat, SL<\/strong><\/h3>\n<p>(ABF\u00dcLLWERK)<br \/>\nc\/ Cecili Metel, 16, 7\u00ba A<br \/>\n07006 Palma<br \/>\nTelefon: 656 920 113<br \/>\n<a href=\"mailto:info@olinovembre.es\" target=\"_blank\" rel=\"noopener\">info@olinovembre.es<\/a><br \/>\n<a href=\"http:\/\/olinovembre.es\/\" target=\"_blank\" rel=\"noopener\">www.olinovembre.es<\/a><\/p>\n<h3><strong>S&#8217;Oliera Son Catiu<\/strong><\/h3>\n<p>(\u00d6LM\u00dcHLE | ABF\u00dcLLWERK)<br \/>\nCtra. Inca-Art\u00e0. Rotonda Llub\u00ed-Muro<br \/>\nApartat correu 145<br \/>\n07300 Inca<br \/>\nTelefon: 971 50 00 01 \/ Fax: 971 50 00 01<br \/>\n<a href=\"mailto:administracio@soncatiu.com\" target=\"_blank\" rel=\"noopener\">administracio@soncatiu.com<\/a><br \/>\n<a href=\"http:\/\/www.soncatiu.com\/\" target=\"_blank\" rel=\"noopener\">www.soncatiu.com<\/a><\/p>\n<h3><strong>Son Mesquidassa SA<\/strong><\/h3>\n<p>(\u00d6LM\u00dcHLE | ABF\u00dcLLWERK)<br \/>\nSon Mesquidassa. Son Mesquida<br \/>\n07209 Felanitx<br \/>\nTelefon: 971 06 49 35<br \/>\n<a href=\"mailto:info@sonmesquidassa.com\">info@sonmesquidassa.com<\/a><br \/>\n<a href=\"www.sonmesquidassa.com\" target=\"_blank\" rel=\"noopener\">www.sonmesquidassa.com<\/a><\/p>\n<h3><strong>Son Moragues 1921 S.L. Unipersonal<\/strong><\/h3>\n<p>(\u00d6LM\u00dcHLE \/ ABF\u00dcLLWERK)<br \/>\nAvda. Luis Salvador Cilimingras, s\/n<br \/>\n07110 Valldemossa<br \/>\nTelefon: 971 61 25 41<br \/>\n<a href=\"mailto:infosm@sonmoragues.com\">infosm@sonmoragues.com<\/a><br \/>\n<a href=\"http:\/\/www.sonmoragues.com\" target=\"_blank\" rel=\"noopener\">www.sonmoragues.com<\/a><\/p>\n<h3><strong>Tafona de Son Cuixa SL<\/strong><\/h3>\n<p style=\"text-align: justify;\">(ABF\u00dcLLWERK)<br \/>\nAv. Rei Jaume II, s\/n<br \/>\n07520 Petra<br \/>\nTelefon: 600 215 609<br \/>\n<a href=\"mailto:info@oliduntemps.cat\">info@oliduntemps.cat<\/a><br \/>\n<a href=\"http:\/\/oliduntemps.cat\/\" target=\"_blank\" rel=\"noopener\">www.oliduntemps.cat<\/a><\/p>\n<\/td>\n<\/tr>\n<\/tbody>\n<\/table>\n<p>&nbsp;<\/p>\n","protected":false},"excerpt":{"rendered":"<p>Agr\u00edcola Aubocasser, SL (\u00d6LM\u00dcHLE | ABF\u00dcLLWERK) Finca Auboc\u00e0sser. Cam\u00ed de Son Fangos, Km. 7 07500 Manacor Telefon: 971 100 388 &#8211; 620 215 416 contact@aubocassa.com www.aubocassa.com Agrocanfeliu, SL (\u00d6LM\u00dcHLE | ABF\u00dcLLWERK) c\/ Bateria Pas del Frare, 12 07260 Porreres Telefon: 609613213 bodega@ecocanfeliu.com www.canfeliu.com Agroturismo Roqueta, SL (ABF\u00dcLLWERK) Predio Roqueta, s\/n 07519 Maria de la Salut [&hellip;]<\/p>\n","protected":false},"author":1,"featured_media":0,"parent":0,"menu_order":0,"comment_status":"closed","ping_status":"closed","template":"","meta":{"_acf_changed":false,"footnotes":""},"class_list":["post-1108","page","type-page","status-publish","hentry"],"acf":[],"_links":{"self":[{"href":"https:\/\/www.olidemallorca.es\/de\/wp-json\/wp\/v2\/pages\/1108"}],"collection":[{"href":"https:\/\/www.olidemallorca.es\/de\/wp-json\/wp\/v2\/pages"}],"about":[{"href":"https:\/\/www.olidemallorca.es\/de\/wp-json\/wp\/v2\/types\/page"}],"author":[{"embeddable":true,"href":"https:\/\/www.olidemallorca.es\/de\/wp-json\/wp\/v2\/users\/1"}],"replies":[{"embeddable":true,"href":"https:\/\/www.olidemallorca.es\/de\/wp-json\/wp\/v2\/comments?post=1108"}],"version-history":[{"count":67,"href":"https:\/\/www.olidemallorca.es\/de\/wp-json\/wp\/v2\/pages\/1108\/revisions"}],"predecessor-version":[{"id":12374,"href":"https:\/\/www.olidemallorca.es\/de\/wp-json\/wp\/v2\/pages\/1108\/revisions\/12374"}],"wp:attachment":[{"href":"https:\/\/www.olidemallorca.es\/de\/wp-json\/wp\/v2\/media?parent=1108"}],"curies":[{"name":"wp","href":"https:\/\/api.w.org\/{rel}","templated":true}]}}