{"id":1099,"date":"2014-02-14T07:34:22","date_gmt":"2014-02-14T07:34:22","guid":{"rendered":"http:\/\/www.olidemallorca.es\/produccio-2\/"},"modified":"2025-11-18T12:23:25","modified_gmt":"2025-11-18T12:23:25","slug":"produccio","status":"publish","type":"page","link":"https:\/\/www.olidemallorca.es\/de\/produccio\/","title":{"rendered":"Produktion"},"content":{"rendered":"<p>[symple_column size=&#8220;one-half&#8220; position=&#8220;first&#8220;]<\/p>\n<p><span style=\"font-size: medium; color: #125529;\"><strong>Der Anbau von Oliven und die Herstellung von \u00d6l erstreckt sich dank der hervorragenden geoklimatischen Bedingungen \u00fcber die gesamte Insel Mallorca.<\/strong><\/span><\/p>\n<p><span style=\"color: #125529;\"><strong>BODEN: <\/strong><\/span>Der Boden auf Mallorca ist \u00fcberwiegend kalkhaltig, vorherrschend ist die Tonerde. Unter diesen Bodenbedingungen gedeihen Oliven mit ganz besonderen Eigenschaften und charakteristischem Aroma.<\/p>\n<p><span style=\"color: #125529;\"><strong>KLIMA: <\/strong><\/span>Das auf Mallorca herrschende Mittelmeerklima zeichnet sich durch gem\u00e4\u00dfigte Temperaturen, milde Winter und warme, trockene Sommer aus. Die j\u00e4hrliche durchschnittliche Niederschlagsmenge betr\u00e4gt 570 mm. Die Niederschl\u00e4ge sind vornehmlich im Herbst zu verzeichnen. Hervorzuheben ist auch die auf der Insel bestehende hohe Luftfeuchtigkeit. Hierbei handelt es sich um einen die Entwicklung und Erhaltung der Olivenb\u00e4ume stark beg\u00fcnstigenden Faktor, der sich dar\u00fcber hinaus sehr positiv auf die Qualit\u00e4t der Olivenproduktion auswirkt und dazu beitr\u00e4gt, dass die Fr\u00fcchte eine regelm\u00e4\u00dfige und gleichbleibende Zusammensetzung aufweisen.<\/p>\n<p>Das mallorquinische \u00d6l wird nach der folgenden Verfahrensweise hergestellt (traditionelle Herstellungsmethode): Die Oliven werden auf einer Unterlage aufgelegt und mit motorbetriebenen M\u00fchlsteinen zermalmt. Die Dauer dieses Vorgangs h\u00e4ngt von der verarbeiteten Olivenmenge ab. Die mittels dieses Vorgangs erzielte Masse wird in \u00fcbereinander angeordneten Schichten aufgelegt und gepresst. Bei diesem Pressvorgang wird eine aus \u00d6l und Wasser bestehende Fl\u00fcssigkeit gewonnen. Man l\u00e4sst diese Fl\u00fcssigkeit dann ruhen und wartet, bis sich zwei Schichten gebildet haben. Oben setzt sich das \u00d6l ab und im unteren Teil verbleibt das in den Oliven enthaltene Wasser. [\/symple_column]<\/p>\n<p>[symple_column size=&#8220;one-half&#8220; position=&#8220;last&#8220;]<\/p>\n<p>Das auf diese Weise gewonnene \u00d6l wird in Beh\u00e4ltern aus rostfreiem Stahl oder Glasfaser gelagert. Der geographische Standort der \u00d6lm\u00fchlen wurde stets so gew\u00e4hlt, dass das \u00d6l vor dem Sonnenlicht gesch\u00fctzt und auf geeigneter Temperatur gehalten werden konnte. Die Lagertemperatur darf 25\u00ba C nicht \u00fcberschreiten.<\/p>\n<p>Die drei f\u00fcr die Herstellung des Oliven\u00f6ls aus Mallorca genehmigten Olivensorten gew\u00e4hrleisten \u00d6le von bester Qualit\u00e4t, die sich geschmacklich eindeutig von anderen \u00d6len unterscheiden. Die mallorquinischen Oliven verleihen dem \u00d6l ein mildes, s\u00fc\u00dfliches Aroma, das an reife Mandeln erinnert. Mit der Arbequina-Sorte werden fruchtige Nuancen mit Ankl\u00e4ngen an gr\u00fcne Fr\u00fcchte erzielt, w\u00e4hrend die Picual-Olive \u00d6le mit herbem sch\u00e4rferen Geschmack liefert.<\/p>\n<p><span style=\"font-size: large; color: #125529;\"><strong>Daten der Produktion<br \/>\n<\/strong><\/span><\/p>\n<div>Olivenhainfl\u00e4che: 2760.67Ha<br \/>\nAnzahl der Olivenb\u00e4ume: 469070<br \/>\n\u00d6lm\u00fchlen: 11<br \/>\nAbf\u00fcllwerke: 19<\/div>\n<div>Olivenbauern: 607<\/div>\n<p><span style=\"font-size: large; color: #125529;\"><strong>Daten der Produktion 2023-2024<\/strong><\/span><\/p>\n<p>Produktion von D.O Oli de Mallorca: 487.716 l.<\/p>\n<p>(aktualisiert Juni 2024)<\/p>\n<p><span style=\"font-size: large; color: #125529;\"><strong>Statistische Daten<\/strong><\/span><\/p>\n<p><a href=\"https:\/\/www.olidemallorca.es\/wp-content\/uploads\/2014\/02\/2023-Oli-de-Mallorca.pdf\">2023-oli-de-mallorca<\/a><\/p>\n<p>[\/symple_column]<\/p>\n","protected":false},"excerpt":{"rendered":"<p>[symple_column size=&#8220;one-half&#8220; position=&#8220;first&#8220;] Der Anbau von Oliven und die Herstellung von \u00d6l erstreckt sich dank der hervorragenden geoklimatischen Bedingungen \u00fcber die gesamte Insel Mallorca. BODEN: Der Boden auf Mallorca ist \u00fcberwiegend kalkhaltig, vorherrschend ist die Tonerde. Unter diesen Bodenbedingungen gedeihen Oliven mit ganz besonderen Eigenschaften und charakteristischem Aroma. KLIMA: Das auf Mallorca herrschende Mittelmeerklima zeichnet [&hellip;]<\/p>\n","protected":false},"author":1,"featured_media":0,"parent":0,"menu_order":0,"comment_status":"open","ping_status":"open","template":"","meta":{"_acf_changed":false,"footnotes":""},"class_list":["post-1099","page","type-page","status-publish","hentry"],"acf":[],"_links":{"self":[{"href":"https:\/\/www.olidemallorca.es\/de\/wp-json\/wp\/v2\/pages\/1099"}],"collection":[{"href":"https:\/\/www.olidemallorca.es\/de\/wp-json\/wp\/v2\/pages"}],"about":[{"href":"https:\/\/www.olidemallorca.es\/de\/wp-json\/wp\/v2\/types\/page"}],"author":[{"embeddable":true,"href":"https:\/\/www.olidemallorca.es\/de\/wp-json\/wp\/v2\/users\/1"}],"replies":[{"embeddable":true,"href":"https:\/\/www.olidemallorca.es\/de\/wp-json\/wp\/v2\/comments?post=1099"}],"version-history":[{"count":39,"href":"https:\/\/www.olidemallorca.es\/de\/wp-json\/wp\/v2\/pages\/1099\/revisions"}],"predecessor-version":[{"id":12946,"href":"https:\/\/www.olidemallorca.es\/de\/wp-json\/wp\/v2\/pages\/1099\/revisions\/12946"}],"wp:attachment":[{"href":"https:\/\/www.olidemallorca.es\/de\/wp-json\/wp\/v2\/media?parent=1099"}],"curies":[{"name":"wp","href":"https:\/\/api.w.org\/{rel}","templated":true}]}}