{"id":1078,"date":"2014-02-14T07:34:37","date_gmt":"2014-02-14T07:34:37","guid":{"rendered":"http:\/\/www.olidemallorca.es\/oleorutes-2\/"},"modified":"2025-04-23T06:22:42","modified_gmt":"2025-04-23T06:22:42","slug":"olivenoel-touren-2","status":"publish","type":"page","link":"https:\/\/www.olidemallorca.es\/de\/olivenoel-touren-2\/","title":{"rendered":"\u00d6lturismus"},"content":{"rendered":"<p>Die Natur hat auf der Insel Mallorca im Laufe der Jahrhunderte die St\u00e4mme der Olivenb\u00e4ume in pittoreske Formen verwandelt und damit ein wahrhaftes Meisterwerk vollbracht: Es sind weltweit einzigartige \u201e<strong>Kunstwerke der Natur<\/strong>\u201dentstanden.<\/p>\n<p>Das Leben hat sich auf Mallorca schon immer zu einem guten Teil um die Olivenb\u00e4ume und ihre Fr\u00fcchte gedreht, aus denen ein wertvolles Produkt gewonnen wird: <strong>DAS OLIVEN\u00d6L AUS MALLORCA<\/strong>. Die \u00d6lproduktion tr\u00e4gt auf Mallorca dazu bei, die uralten Olivenhaine lebendig zu halten. Die zahlreichen alten \u00d6lm\u00fchlen haben heute Museumswert und sind vielbesuchte Sehensw\u00fcrdigkeiten. Oliven\u00f6l nimmt in der heimischen K\u00fcche einen hohen Stellenwert ein und verleiht den Speisen einen einzigartigen Geschmack und ein unverwechselbares Aroma.<\/p>\n<p>Das Projekt \u201e<strong>OLIVEN\u00d6L-TOUREN AUF MALLORCA &#8211; KUNSTWERKE DER NATUR<\/strong>\u201d entstand in der Absicht, den Besuchern die M\u00f6glichkeit zu geben, sich an den Reizen der Natur zu erfreuen. Verschiedene Aktivit\u00e4ten laden sie dar\u00fcber hinaus dazu ein, in die bezaubernde Welt der Olivenhaine einzutauchen und alles \u00fcber jene Fr\u00fcchte zu erfahren, denen wir das mallorquinische Oliven\u00f6l verdanken.<\/p>\n","protected":false},"excerpt":{"rendered":"<p>Die Natur hat auf der Insel Mallorca im Laufe der Jahrhunderte die St\u00e4mme der Olivenb\u00e4ume in pittoreske Formen verwandelt und damit ein wahrhaftes Meisterwerk vollbracht: Es sind weltweit einzigartige \u201eKunstwerke der Natur\u201dentstanden. Das Leben hat sich auf Mallorca schon immer zu einem guten Teil um die Olivenb\u00e4ume und ihre Fr\u00fcchte gedreht, aus denen ein wertvolles [&hellip;]<\/p>\n","protected":false},"author":1,"featured_media":0,"parent":0,"menu_order":0,"comment_status":"open","ping_status":"open","template":"","meta":{"_acf_changed":false,"footnotes":""},"class_list":["post-1078","page","type-page","status-publish","hentry"],"acf":[],"_links":{"self":[{"href":"https:\/\/www.olidemallorca.es\/de\/wp-json\/wp\/v2\/pages\/1078"}],"collection":[{"href":"https:\/\/www.olidemallorca.es\/de\/wp-json\/wp\/v2\/pages"}],"about":[{"href":"https:\/\/www.olidemallorca.es\/de\/wp-json\/wp\/v2\/types\/page"}],"author":[{"embeddable":true,"href":"https:\/\/www.olidemallorca.es\/de\/wp-json\/wp\/v2\/users\/1"}],"replies":[{"embeddable":true,"href":"https:\/\/www.olidemallorca.es\/de\/wp-json\/wp\/v2\/comments?post=1078"}],"version-history":[{"count":5,"href":"https:\/\/www.olidemallorca.es\/de\/wp-json\/wp\/v2\/pages\/1078\/revisions"}],"predecessor-version":[{"id":12376,"href":"https:\/\/www.olidemallorca.es\/de\/wp-json\/wp\/v2\/pages\/1078\/revisions\/12376"}],"wp:attachment":[{"href":"https:\/\/www.olidemallorca.es\/de\/wp-json\/wp\/v2\/media?parent=1078"}],"curies":[{"name":"wp","href":"https:\/\/api.w.org\/{rel}","templated":true}]}}