{"id":1059,"date":"2014-02-14T07:35:35","date_gmt":"2014-02-14T07:35:35","guid":{"rendered":"http:\/\/www.olidemallorca.es\/contacte-2\/"},"modified":"2025-04-23T06:27:18","modified_gmt":"2025-04-23T06:27:18","slug":"kontakt","status":"publish","type":"page","link":"https:\/\/www.olidemallorca.es\/de\/kontakt\/","title":{"rendered":"Kontakt"},"content":{"rendered":"<p>[symple_column size=&#8220;one-half&#8220; position=&#8220;first&#8220;]<br \/>\n<span style=\"color: #5f6736; font-size: large;\"><strong>Consell Regulador de la Denominaci\u00f3 d&#8217;Origen<br \/>\nOli de Mallorca<\/strong><\/span><\/p>\n<p><!--StartFragment--><\/p>\n<p>Carrer Guillem Bujosa Rossell\u00f3, 1A 1r-4a<br \/>\n07320 Santa Maria del Cam\u00ed<br \/>\nTel. 871 030 769<\/p>\n<p><a href=\"mailto:info@olidemallorca.es\"> info@olidemallorca.es\u00a0<\/a><\/p>\n<p>&nbsp;<\/p>\n<p><!--EndFragment--><\/p>\n<p>&nbsp;<\/p>\n<p><iframe loading=\"lazy\" style=\"border: 0;\" tabindex=\"0\" src=\"https:\/\/www.google.com\/maps\/embed?pb=!1m18!1m12!1m3!1d24603.705347822393!2d2.6944808507957463!3d39.57171058656418!2m3!1f0!2f0!3f0!3m2!1i1024!2i768!4f13.1!3m3!1m2!1s0x129795c6e81920e7%3A0xf9f2426cc0289b96!2sCRDO%20Oli%20de%20Mallorca!5e0!3m2!1ses!2ses!4v1590569496310!5m2!1ses!2ses\" width=\"600\" height=\"450\" frameborder=\"0\" allowfullscreen=\"allowfullscreen\"><\/iframe><\/p>\n","protected":false},"excerpt":{"rendered":"<p>[symple_column size=&#8220;one-half&#8220; position=&#8220;first&#8220;] Consell Regulador de la Denominaci\u00f3 d&#8217;Origen Oli de Mallorca Carrer Guillem Bujosa Rossell\u00f3, 1A 1r-4a 07320 Santa Maria del Cam\u00ed Tel. 871 030 769 info@olidemallorca.es\u00a0 &nbsp; &nbsp;<\/p>\n","protected":false},"author":1,"featured_media":0,"parent":0,"menu_order":0,"comment_status":"open","ping_status":"closed","template":"","meta":{"_acf_changed":false,"footnotes":""},"class_list":["post-1059","page","type-page","status-publish","hentry"],"acf":[],"_links":{"self":[{"href":"https:\/\/www.olidemallorca.es\/de\/wp-json\/wp\/v2\/pages\/1059"}],"collection":[{"href":"https:\/\/www.olidemallorca.es\/de\/wp-json\/wp\/v2\/pages"}],"about":[{"href":"https:\/\/www.olidemallorca.es\/de\/wp-json\/wp\/v2\/types\/page"}],"author":[{"embeddable":true,"href":"https:\/\/www.olidemallorca.es\/de\/wp-json\/wp\/v2\/users\/1"}],"replies":[{"embeddable":true,"href":"https:\/\/www.olidemallorca.es\/de\/wp-json\/wp\/v2\/comments?post=1059"}],"version-history":[{"count":10,"href":"https:\/\/www.olidemallorca.es\/de\/wp-json\/wp\/v2\/pages\/1059\/revisions"}],"predecessor-version":[{"id":12381,"href":"https:\/\/www.olidemallorca.es\/de\/wp-json\/wp\/v2\/pages\/1059\/revisions\/12381"}],"wp:attachment":[{"href":"https:\/\/www.olidemallorca.es\/de\/wp-json\/wp\/v2\/media?parent=1059"}],"curies":[{"name":"wp","href":"https:\/\/api.w.org\/{rel}","templated":true}]}}